{"id":1949,"date":"2024-02-11T18:00:52","date_gmt":"2024-02-11T18:00:52","guid":{"rendered":"https:\/\/woodywoody.eu\/?page_id=1949"},"modified":"2025-07-16T18:57:13","modified_gmt":"2025-07-16T18:57:13","slug":"kiti-statybos-darbai","status":"publish","type":"page","link":"https:\/\/woodywoody.eu\/index.php\/kiti-statybos-darbai\/","title":{"rendered":"Kiti statybos darbai"},"content":{"rendered":"\t\t<div data-elementor-type=\"wp-page\" data-elementor-id=\"1949\" class=\"elementor elementor-1949\">\n\t\t\t\t<div class=\"elementor-element elementor-element-1d3aa9d e-flex e-con-boxed e-con e-parent\" data-id=\"1d3aa9d\" data-element_type=\"container\" data-e-type=\"container\">\n\t\t\t\t\t<div class=\"e-con-inner\">\n\t\t<div class=\"elementor-element elementor-element-6e4acc2 e-con-full e-flex e-con e-child\" data-id=\"6e4acc2\" data-element_type=\"container\" data-e-type=\"container\" data-settings=\"{&quot;background_background&quot;:&quot;classic&quot;}\">\n\t\t\t\t<div class=\"elementor-element elementor-element-d3761ed elementor-widget elementor-widget-heading\" data-id=\"d3761ed\" data-element_type=\"widget\" data-e-type=\"widget\" data-widget_type=\"heading.default\">\n\t\t\t\t<div class=\"elementor-widget-container\">\n\t\t\t\t\t<h2 class=\"elementor-heading-title elementor-size-default\">Kiti statybos darbai<\/h2>\t\t\t\t<\/div>\n\t\t\t\t<\/div>\n\t\t\t\t<\/div>\n\t\t\t\t\t<\/div>\n\t\t\t\t<\/div>\n\t\t<div class=\"elementor-element elementor-element-5180ca4 e-flex e-con-boxed e-con e-parent\" data-id=\"5180ca4\" data-element_type=\"container\" data-e-type=\"container\">\n\t\t\t\t\t<div class=\"e-con-inner\">\n\t\t<div class=\"elementor-element elementor-element-d0a4d5d e-flex e-con-boxed e-con e-child\" data-id=\"d0a4d5d\" data-element_type=\"container\" data-e-type=\"container\">\n\t\t\t\t\t<div class=\"e-con-inner\">\n\t\t\t\t<div class=\"elementor-element elementor-element-f485b58 elementor-widget elementor-widget-text-editor\" data-id=\"f485b58\" data-element_type=\"widget\" data-e-type=\"widget\" data-widget_type=\"text-editor.default\">\n\t\t\t\t<div class=\"elementor-widget-container\">\n\t\t\t\t\t\t\t\t\t<p>Atliekame:<\/p>\n<ul>\n<li>Teras\u0173 projektavimo ir montavimo darbus.<\/li>\n<li>Medini\u0173 laipt\u0173 projektavimo, gaminimo ir montavimo darbus.<\/li>\n<li><span style=\"font-style: inherit; font-weight: inherit;\">Lang\u0173 ir dur\u0173 angokra\u0161\u010di\u0173 apdirbimo darbus.<\/span><\/li>\n<li><span style=\"font-style: inherit; font-weight: inherit;\">Kitus staliaus darbus.\u00a0<\/span><\/li>\n<\/ul>\n<p><span style=\"font-style: inherit; font-weight: inherit;\"><img fetchpriority=\"high\" decoding=\"async\" class=\"alignnone size-medium wp-image-1665\" src=\"http:\/\/woodywoody.eu\/wp-content\/uploads\/2023\/08\/tera9-300x225.jpg\" alt=\"\" width=\"300\" height=\"225\" srcset=\"https:\/\/woodywoody.eu\/wp-content\/uploads\/2023\/08\/tera9-300x225.jpg 300w, https:\/\/woodywoody.eu\/wp-content\/uploads\/2023\/08\/tera9-1024x768.jpg 1024w, https:\/\/woodywoody.eu\/wp-content\/uploads\/2023\/08\/tera9-768x576.jpg 768w, https:\/\/woodywoody.eu\/wp-content\/uploads\/2023\/08\/tera9-1536x1152.jpg 1536w, https:\/\/woodywoody.eu\/wp-content\/uploads\/2023\/08\/tera9.jpg 2048w\" sizes=\"(max-width: 300px) 100vw, 300px\" \/> <img decoding=\"async\" class=\"alignnone size-medium wp-image-1482\" src=\"http:\/\/woodywoody.eu\/wp-content\/uploads\/2023\/08\/terasa-3-300x225.jpg\" alt=\"\" width=\"300\" height=\"225\" srcset=\"https:\/\/woodywoody.eu\/wp-content\/uploads\/2023\/08\/terasa-3-300x225.jpg 300w, https:\/\/woodywoody.eu\/wp-content\/uploads\/2023\/08\/terasa-3-1024x768.jpg 1024w, https:\/\/woodywoody.eu\/wp-content\/uploads\/2023\/08\/terasa-3-768x576.jpg 768w, https:\/\/woodywoody.eu\/wp-content\/uploads\/2023\/08\/terasa-3-1536x1152.jpg 1536w, https:\/\/woodywoody.eu\/wp-content\/uploads\/2023\/08\/terasa-3.jpg 2048w\" sizes=\"(max-width: 300px) 100vw, 300px\" \/> <img decoding=\"async\" class=\"alignnone size-medium wp-image-1501\" src=\"http:\/\/woodywoody.eu\/wp-content\/uploads\/2023\/08\/Laiptai-1-300x224.jpg\" alt=\"\" width=\"300\" height=\"224\" srcset=\"https:\/\/woodywoody.eu\/wp-content\/uploads\/2023\/08\/Laiptai-1-300x224.jpg 300w, https:\/\/woodywoody.eu\/wp-content\/uploads\/2023\/08\/Laiptai-1-768x574.jpg 768w, https:\/\/woodywoody.eu\/wp-content\/uploads\/2023\/08\/Laiptai-1.jpg 852w\" sizes=\"(max-width: 300px) 100vw, 300px\" \/><\/span><\/p>\n<p><!-- \/wp:list-item --><!-- wp:list-item --><\/p>\n<p><!-- \/wp:list-item --><!-- wp:list-item --><\/p>\n<p><!-- \/wp:list-item --><!-- wp:list-item --><\/p>\n<p><!-- \/wp:list-item --><!-- wp:list-item --><\/p>\n<p><!-- \/wp:list-item --><!-- wp:list-item --><\/p>\n<p><!-- \/wp:list-item --><!-- wp:list-item --><\/p>\n<p><!-- \/wp:list-item --><!-- wp:list-item --><\/p>\n<p><!-- \/wp:list-item --><!-- wp:list-item --><\/p>\n<p><!-- \/wp:list-item --><!-- wp:list-item --><\/p>\n<p><!-- \/wp:list-item --><!-- wp:list-item --><\/p>\n<p><!-- \/wp:list-item --><!-- wp:list-item --><\/p>\n<p><!-- \/wp:paragraph --><!-- wp:paragraph --><\/p>\t\t\t\t\t\t\t\t<\/div>\n\t\t\t\t<\/div>\n\t\t\t\t\t<\/div>\n\t\t\t\t<\/div>\n\t\t\t\t\t<\/div>\n\t\t\t\t<\/div>\n\t\t<div class=\"elementor-element elementor-element-4c8d409 e-flex e-con-boxed e-con e-parent\" data-id=\"4c8d409\" data-element_type=\"container\" data-e-type=\"container\">\n\t\t\t\t\t<div class=\"e-con-inner\">\n\t\t\t\t<div class=\"elementor-element elementor-element-16f1132 elementor-align-center elementor-widget elementor-widget-button\" data-id=\"16f1132\" data-element_type=\"widget\" data-e-type=\"widget\" data-widget_type=\"button.default\">\n\t\t\t\t<div class=\"elementor-widget-container\">\n\t\t\t\t\t\t\t\t\t<div class=\"elementor-button-wrapper\">\n\t\t\t\t\t<a class=\"elementor-button elementor-button-link elementor-size-sm\" href=\"https:\/\/woodywoody.eu\/index.php\/projects\/\">\n\t\t\t\t\t\t<span class=\"elementor-button-content-wrapper\">\n\t\t\t\t\t\t\t\t\t<span class=\"elementor-button-text\">Darb\u0173 galerija<\/span>\n\t\t\t\t\t<\/span>\n\t\t\t\t\t<\/a>\n\t\t\t\t<\/div>\n\t\t\t\t\t\t\t\t<\/div>\n\t\t\t\t<\/div>\n\t\t\t\t\t<\/div>\n\t\t\t\t<\/div>\n\t\t<div class=\"elementor-element elementor-element-6c76932 e-flex e-con-boxed e-con e-parent\" data-id=\"6c76932\" data-element_type=\"container\" data-e-type=\"container\">\n\t\t\t\t\t<div class=\"e-con-inner\">\n\t\t\t\t<div class=\"elementor-element elementor-element-ad735d8 elementor-align-center elementor-widget elementor-widget-button\" data-id=\"ad735d8\" data-element_type=\"widget\" data-e-type=\"widget\" data-widget_type=\"button.default\">\n\t\t\t\t<div class=\"elementor-widget-container\">\n\t\t\t\t\t\t\t\t\t<div class=\"elementor-button-wrapper\">\n\t\t\t\t\t<a class=\"elementor-button elementor-button-link elementor-size-sm\" href=\"https:\/\/woodywoody.eu\/index.php\/contact-us\/\">\n\t\t\t\t\t\t<span class=\"elementor-button-content-wrapper\">\n\t\t\t\t\t\t\t\t\t<span class=\"elementor-button-text\">Gauti pasi\u016blym\u0105<\/span>\n\t\t\t\t\t<\/span>\n\t\t\t\t\t<\/a>\n\t\t\t\t<\/div>\n\t\t\t\t\t\t\t\t<\/div>\n\t\t\t\t<\/div>\n\t\t\t\t\t<\/div>\n\t\t\t\t<\/div>\n\t\t\t\t<\/div>\n\t\t","protected":false},"excerpt":{"rendered":"<p>Kiti statybos darbai Atliekame: Teras\u0173 projektavimo ir montavimo darbus. Medini\u0173 laipt\u0173 projektavimo, gaminimo ir montavimo darbus. Lang\u0173 ir dur\u0173 angokra\u0161\u010di\u0173 apdirbimo darbus. Kitus staliaus darbus.\u00a0 Darb\u0173 galerija Gauti pasi\u016blym\u0105<\/p>\n","protected":false},"author":1,"featured_media":0,"parent":0,"menu_order":0,"comment_status":"closed","ping_status":"closed","template":"","meta":{"om_disable_all_campaigns":false,"site-sidebar-layout":"no-sidebar","site-content-layout":"page-builder","ast-site-content-layout":"full-width-container","site-content-style":"default","site-sidebar-style":"default","ast-global-header-display":"","ast-banner-title-visibility":"","ast-main-header-display":"","ast-hfb-above-header-display":"","ast-hfb-below-header-display":"","ast-hfb-mobile-header-display":"","site-post-title":"disabled","ast-breadcrumbs-content":"","ast-featured-img":"disabled","footer-sml-layout":"","ast-disable-related-posts":"","theme-transparent-header-meta":"","adv-header-id-meta":"","stick-header-meta":"","header-above-stick-meta":"","header-main-stick-meta":"","header-below-stick-meta":"","astra-migrate-meta-layouts":"set","ast-page-background-enabled":"default","ast-page-background-meta":{"desktop":{"background-color":"","background-image":"","background-repeat":"repeat","background-position":"center center","background-size":"auto","background-attachment":"scroll","background-type":"","background-media":"","overlay-type":"","overlay-color":"","overlay-opacity":"","overlay-gradient":""},"tablet":{"background-color":"","background-image":"","background-repeat":"repeat","background-position":"center center","background-size":"auto","background-attachment":"scroll","background-type":"","background-media":"","overlay-type":"","overlay-color":"","overlay-opacity":"","overlay-gradient":""},"mobile":{"background-color":"","background-image":"","background-repeat":"repeat","background-position":"center center","background-size":"auto","background-attachment":"scroll","background-type":"","background-media":"","overlay-type":"","overlay-color":"","overlay-opacity":"","overlay-gradient":""}},"ast-content-background-meta":{"desktop":{"background-color":"var(--ast-global-color-5)","background-image":"","background-repeat":"repeat","background-position":"center center","background-size":"auto","background-attachment":"scroll","background-type":"","background-media":"","overlay-type":"","overlay-color":"","overlay-opacity":"","overlay-gradient":""},"tablet":{"background-color":"var(--ast-global-color-5)","background-image":"","background-repeat":"repeat","background-position":"center center","background-size":"auto","background-attachment":"scroll","background-type":"","background-media":"","overlay-type":"","overlay-color":"","overlay-opacity":"","overlay-gradient":""},"mobile":{"background-color":"var(--ast-global-color-5)","background-image":"","background-repeat":"repeat","background-position":"center center","background-size":"auto","background-attachment":"scroll","background-type":"","background-media":"","overlay-type":"","overlay-color":"","overlay-opacity":"","overlay-gradient":""}},"footnotes":""},"class_list":["post-1949","page","type-page","status-publish","hentry"],"_links":{"self":[{"href":"https:\/\/woodywoody.eu\/index.php\/wp-json\/wp\/v2\/pages\/1949","targetHints":{"allow":["GET"]}}],"collection":[{"href":"https:\/\/woodywoody.eu\/index.php\/wp-json\/wp\/v2\/pages"}],"about":[{"href":"https:\/\/woodywoody.eu\/index.php\/wp-json\/wp\/v2\/types\/page"}],"author":[{"embeddable":true,"href":"https:\/\/woodywoody.eu\/index.php\/wp-json\/wp\/v2\/users\/1"}],"replies":[{"embeddable":true,"href":"https:\/\/woodywoody.eu\/index.php\/wp-json\/wp\/v2\/comments?post=1949"}],"version-history":[{"count":13,"href":"https:\/\/woodywoody.eu\/index.php\/wp-json\/wp\/v2\/pages\/1949\/revisions"}],"predecessor-version":[{"id":2244,"href":"https:\/\/woodywoody.eu\/index.php\/wp-json\/wp\/v2\/pages\/1949\/revisions\/2244"}],"wp:attachment":[{"href":"https:\/\/woodywoody.eu\/index.php\/wp-json\/wp\/v2\/media?parent=1949"}],"curies":[{"name":"wp","href":"https:\/\/api.w.org\/{rel}","templated":true}]}}